{"id":548,"date":"2023-03-24T13:25:29","date_gmt":"2023-03-24T13:25:29","guid":{"rendered":"https:\/\/observe360.eu\/?page_id=548"},"modified":"2023-06-30T10:08:11","modified_gmt":"2023-06-30T10:08:11","slug":"dogodki-preteklih-projektov","status":"publish","type":"page","link":"https:\/\/observe360.eu\/en\/dogodki-preteklih-projektov\/","title":{"rendered":"Dogodki preteklih projektov"},"content":{"rendered":"<p>Raziskovalni center za tr\u017eenje od znanosti do podjetij (S2BMRC) je uradno za\u010del izvajati ERASMUS+ projekt eWBL (u\u010denje na delovnem mestu).<br>Spletni uvodni sestanek je potekal 28. januarja 2022.<br>Sre\u010danje je organiziral in vodil S2BMRC kot vodilni partner projekta. Udele\u017eili so se ga tudi delegati iz vseh partnerskih institucij: Rijksuniversiteit Groningen (Nizozemska); Momentum Business Consulting &amp; Marketing Services limited (Irska); Univerza v Ljubljani (Slovenija); Universit\u00e0 Ca' Foscari Venezia (Italija); in Fondazione Giacomo Brodolini S.r.l. SB (Italija).<br>FH M\u00fcnster in S2BMRC so zastopali Jun. prof. dr Sue Rossano-Rivero, namestnica direktorja S2BMRC, ter Habtamu Garomssa, koordinator projekta, in Luise Hen\u00dfler, asistentka projekta.<\/p>","protected":false},"excerpt":{"rendered":"<p>Raziskovalni center za tr\u017eenje od znanosti do podjetij (S2BMRC) je uradno za\u010del izvajati ERASMUS+ projekt eWBL (u\u010denje na delovnem mestu).Spletni uvodni sestanek je potekal 28. januarja 2022.Sre\u010danje je organiziral in vodil S2BMRC kot vodilni partner projekta. Udele\u017eili so se ga tudi delegati iz vseh partnerskih institucij: Rijksuniversiteit Groningen (Nizozemska); Momentum Business Consulting &amp; Marketing Services [&hellip;]<\/p>\n","protected":false},"author":1,"featured_media":1040,"parent":0,"menu_order":0,"comment_status":"closed","ping_status":"closed","template":"","meta":{"_acf_changed":false,"footnotes":""},"class_list":["post-548","page","type-page","status-publish","has-post-thumbnail","hentry"],"acf":[],"yoast_head":"<!-- This site is optimized with the Yoast SEO plugin v27.4 - https:\/\/yoast.com\/product\/yoast-seo-wordpress\/ -->\n<title>Dogodki preteklih projektov - Observe360<\/title>\n<meta name=\"robots\" content=\"index, follow, max-snippet:-1, max-image-preview:large, max-video-preview:-1\" \/>\n<link rel=\"canonical\" href=\"https:\/\/observe360.eu\/en\/dogodki-preteklih-projektov\/\" \/>\n<meta property=\"og:locale\" content=\"en_GB\" \/>\n<meta property=\"og:type\" content=\"article\" \/>\n<meta property=\"og:title\" content=\"Dogodki preteklih projektov - Observe360\" \/>\n<meta property=\"og:description\" content=\"Raziskovalni center za tr\u017eenje od znanosti do podjetij (S2BMRC) je uradno za\u010del izvajati ERASMUS+ projekt eWBL (u\u010denje na delovnem mestu).Spletni uvodni sestanek je potekal 28. januarja 2022.Sre\u010danje je organiziral in vodil S2BMRC kot vodilni partner projekta. Udele\u017eili so se ga tudi delegati iz vseh partnerskih institucij: Rijksuniversiteit Groningen (Nizozemska); Momentum Business Consulting &amp; Marketing Services [&hellip;]\" \/>\n<meta property=\"og:url\" content=\"https:\/\/observe360.eu\/en\/dogodki-preteklih-projektov\/\" \/>\n<meta property=\"og:site_name\" content=\"Observe360\" \/>\n<meta property=\"article:modified_time\" content=\"2023-06-30T10:08:11+00:00\" \/>\n<meta property=\"og:image\" content=\"https:\/\/observe360.eu\/wp-content\/uploads\/2023\/06\/eWBL-Srecanje-1.webp\" \/>\n\t<meta property=\"og:image:width\" content=\"1140\" \/>\n\t<meta property=\"og:image:height\" content=\"497\" \/>\n\t<meta property=\"og:image:type\" content=\"image\/webp\" \/>\n<meta name=\"twitter:card\" content=\"summary_large_image\" \/>\n<meta name=\"twitter:label1\" content=\"Estimated reading time\" \/>\n\t<meta name=\"twitter:data1\" content=\"1 minute\" \/>\n<script type=\"application\/ld+json\" class=\"yoast-schema-graph\">{\"@context\":\"https:\\\/\\\/schema.org\",\"@graph\":[{\"@type\":\"WebPage\",\"@id\":\"https:\\\/\\\/observe360.eu\\\/dogodki-preteklih-projektov\\\/\",\"url\":\"https:\\\/\\\/observe360.eu\\\/dogodki-preteklih-projektov\\\/\",\"name\":\"Dogodki preteklih projektov - Observe360\",\"isPartOf\":{\"@id\":\"https:\\\/\\\/observe360.eu\\\/#website\"},\"primaryImageOfPage\":{\"@id\":\"https:\\\/\\\/observe360.eu\\\/dogodki-preteklih-projektov\\\/#primaryimage\"},\"image\":{\"@id\":\"https:\\\/\\\/observe360.eu\\\/dogodki-preteklih-projektov\\\/#primaryimage\"},\"thumbnailUrl\":\"https:\\\/\\\/observe360.eu\\\/wp-content\\\/uploads\\\/2023\\\/06\\\/eWBL-Srecanje-1.webp\",\"datePublished\":\"2023-03-24T13:25:29+00:00\",\"dateModified\":\"2023-06-30T10:08:11+00:00\",\"breadcrumb\":{\"@id\":\"https:\\\/\\\/observe360.eu\\\/dogodki-preteklih-projektov\\\/#breadcrumb\"},\"inLanguage\":\"en-GB\",\"potentialAction\":[{\"@type\":\"ReadAction\",\"target\":[\"https:\\\/\\\/observe360.eu\\\/dogodki-preteklih-projektov\\\/\"]}]},{\"@type\":\"ImageObject\",\"inLanguage\":\"en-GB\",\"@id\":\"https:\\\/\\\/observe360.eu\\\/dogodki-preteklih-projektov\\\/#primaryimage\",\"url\":\"https:\\\/\\\/observe360.eu\\\/wp-content\\\/uploads\\\/2023\\\/06\\\/eWBL-Srecanje-1.webp\",\"contentUrl\":\"https:\\\/\\\/observe360.eu\\\/wp-content\\\/uploads\\\/2023\\\/06\\\/eWBL-Srecanje-1.webp\",\"width\":1140,\"height\":497},{\"@type\":\"BreadcrumbList\",\"@id\":\"https:\\\/\\\/observe360.eu\\\/dogodki-preteklih-projektov\\\/#breadcrumb\",\"itemListElement\":[{\"@type\":\"ListItem\",\"position\":1,\"name\":\"Home\",\"item\":\"https:\\\/\\\/observe360.eu\\\/\"},{\"@type\":\"ListItem\",\"position\":2,\"name\":\"Dogodki preteklih projektov\"}]},{\"@type\":\"WebSite\",\"@id\":\"https:\\\/\\\/observe360.eu\\\/#website\",\"url\":\"https:\\\/\\\/observe360.eu\\\/\",\"name\":\"Observe360\",\"description\":\"University of Ljubljana, Faculty of Social Sciences\",\"alternateName\":\"Skupina za prou\u010devanje dr\u017eavljanstva, mladine in izobra\u017eevalnih politik ter sistemov (Observe360)\",\"potentialAction\":[{\"@type\":\"SearchAction\",\"target\":{\"@type\":\"EntryPoint\",\"urlTemplate\":\"https:\\\/\\\/observe360.eu\\\/?s={search_term_string}\"},\"query-input\":{\"@type\":\"PropertyValueSpecification\",\"valueRequired\":true,\"valueName\":\"search_term_string\"}}],\"inLanguage\":\"en-GB\"}]}<\/script>\n<!-- \/ Yoast SEO plugin. -->","yoast_head_json":{"title":"Dogodki preteklih projektov - Observe360","robots":{"index":"index","follow":"follow","max-snippet":"max-snippet:-1","max-image-preview":"max-image-preview:large","max-video-preview":"max-video-preview:-1"},"canonical":"https:\/\/observe360.eu\/en\/dogodki-preteklih-projektov\/","og_locale":"en_GB","og_type":"article","og_title":"Dogodki preteklih projektov - Observe360","og_description":"Raziskovalni center za tr\u017eenje od znanosti do podjetij (S2BMRC) je uradno za\u010del izvajati ERASMUS+ projekt eWBL (u\u010denje na delovnem mestu).Spletni uvodni sestanek je potekal 28. januarja 2022.Sre\u010danje je organiziral in vodil S2BMRC kot vodilni partner projekta. Udele\u017eili so se ga tudi delegati iz vseh partnerskih institucij: Rijksuniversiteit Groningen (Nizozemska); Momentum Business Consulting &amp; Marketing Services [&hellip;]","og_url":"https:\/\/observe360.eu\/en\/dogodki-preteklih-projektov\/","og_site_name":"Observe360","article_modified_time":"2023-06-30T10:08:11+00:00","og_image":[{"width":1140,"height":497,"url":"https:\/\/observe360.eu\/wp-content\/uploads\/2023\/06\/eWBL-Srecanje-1.webp","type":"image\/webp"}],"twitter_card":"summary_large_image","twitter_misc":{"Estimated reading time":"1 minute"},"schema":{"@context":"https:\/\/schema.org","@graph":[{"@type":"WebPage","@id":"https:\/\/observe360.eu\/dogodki-preteklih-projektov\/","url":"https:\/\/observe360.eu\/dogodki-preteklih-projektov\/","name":"Dogodki preteklih projektov - Observe360","isPartOf":{"@id":"https:\/\/observe360.eu\/#website"},"primaryImageOfPage":{"@id":"https:\/\/observe360.eu\/dogodki-preteklih-projektov\/#primaryimage"},"image":{"@id":"https:\/\/observe360.eu\/dogodki-preteklih-projektov\/#primaryimage"},"thumbnailUrl":"https:\/\/observe360.eu\/wp-content\/uploads\/2023\/06\/eWBL-Srecanje-1.webp","datePublished":"2023-03-24T13:25:29+00:00","dateModified":"2023-06-30T10:08:11+00:00","breadcrumb":{"@id":"https:\/\/observe360.eu\/dogodki-preteklih-projektov\/#breadcrumb"},"inLanguage":"en-GB","potentialAction":[{"@type":"ReadAction","target":["https:\/\/observe360.eu\/dogodki-preteklih-projektov\/"]}]},{"@type":"ImageObject","inLanguage":"en-GB","@id":"https:\/\/observe360.eu\/dogodki-preteklih-projektov\/#primaryimage","url":"https:\/\/observe360.eu\/wp-content\/uploads\/2023\/06\/eWBL-Srecanje-1.webp","contentUrl":"https:\/\/observe360.eu\/wp-content\/uploads\/2023\/06\/eWBL-Srecanje-1.webp","width":1140,"height":497},{"@type":"BreadcrumbList","@id":"https:\/\/observe360.eu\/dogodki-preteklih-projektov\/#breadcrumb","itemListElement":[{"@type":"ListItem","position":1,"name":"Home","item":"https:\/\/observe360.eu\/"},{"@type":"ListItem","position":2,"name":"Dogodki preteklih projektov"}]},{"@type":"WebSite","@id":"https:\/\/observe360.eu\/#website","url":"https:\/\/observe360.eu\/","name":"Observe360","description":"University of Ljubljana, Faculty of Social Sciences","alternateName":"Skupina za prou\u010devanje dr\u017eavljanstva, mladine in izobra\u017eevalnih politik ter sistemov (Observe360)","potentialAction":[{"@type":"SearchAction","target":{"@type":"EntryPoint","urlTemplate":"https:\/\/observe360.eu\/?s={search_term_string}"},"query-input":{"@type":"PropertyValueSpecification","valueRequired":true,"valueName":"search_term_string"}}],"inLanguage":"en-GB"}]}},"_links":{"self":[{"href":"https:\/\/observe360.eu\/en\/wp-json\/wp\/v2\/pages\/548","targetHints":{"allow":["GET"]}}],"collection":[{"href":"https:\/\/observe360.eu\/en\/wp-json\/wp\/v2\/pages"}],"about":[{"href":"https:\/\/observe360.eu\/en\/wp-json\/wp\/v2\/types\/page"}],"author":[{"embeddable":true,"href":"https:\/\/observe360.eu\/en\/wp-json\/wp\/v2\/users\/1"}],"replies":[{"embeddable":true,"href":"https:\/\/observe360.eu\/en\/wp-json\/wp\/v2\/comments?post=548"}],"version-history":[{"count":3,"href":"https:\/\/observe360.eu\/en\/wp-json\/wp\/v2\/pages\/548\/revisions"}],"predecessor-version":[{"id":1041,"href":"https:\/\/observe360.eu\/en\/wp-json\/wp\/v2\/pages\/548\/revisions\/1041"}],"wp:featuredmedia":[{"embeddable":true,"href":"https:\/\/observe360.eu\/en\/wp-json\/wp\/v2\/media\/1040"}],"wp:attachment":[{"href":"https:\/\/observe360.eu\/en\/wp-json\/wp\/v2\/media?parent=548"}],"curies":[{"name":"wp","href":"https:\/\/api.w.org\/{rel}","templated":true}]}}